{"id":271,"date":"2019-07-02T05:11:45","date_gmt":"2019-07-02T05:11:45","guid":{"rendered":"http:\/\/groomer-psistan.pl\/?page_id=271"},"modified":"2026-03-11T20:19:22","modified_gmt":"2026-03-11T19:19:22","slug":"contact-us","status":"publish","type":"page","link":"https:\/\/groomer-psistan.pl\/?page_id=271","title":{"rendered":"Kontakt"},"content":{"rendered":"\t\t<div data-elementor-type=\"wp-post\" data-elementor-id=\"271\" class=\"elementor elementor-271\">\n\t\t\t\t\t\t<section class=\"elementor-section elementor-top-section elementor-element elementor-element-dec6de9 elementor-section-boxed elementor-section-height-default elementor-section-height-default\" data-id=\"dec6de9\" data-element_type=\"section\">\n\t\t\t\t\t\t<div class=\"elementor-container elementor-column-gap-no\">\n\t\t\t\t\t<div class=\"elementor-column elementor-col-50 elementor-top-column elementor-element elementor-element-06dfe3e\" data-id=\"06dfe3e\" data-element_type=\"column\">\n\t\t\t<div class=\"elementor-widget-wrap elementor-element-populated\">\n\t\t\t\t\t\t<div class=\"elementor-element elementor-element-5fc6df3 elementor-widget elementor-widget-heading\" data-id=\"5fc6df3\" data-element_type=\"widget\" data-widget_type=\"heading.default\">\n\t\t\t\t<div class=\"elementor-widget-container\">\n\t\t\t\t\t<h1 class=\"elementor-heading-title elementor-size-default\">Kontakt<\/h1>\t\t\t\t<\/div>\n\t\t\t\t<\/div>\n\t\t\t\t\t<\/div>\n\t\t<\/div>\n\t\t\t\t<div class=\"elementor-column elementor-col-50 elementor-top-column elementor-element elementor-element-1c64b19\" data-id=\"1c64b19\" data-element_type=\"column\">\n\t\t\t<div class=\"elementor-widget-wrap\">\n\t\t\t\t\t\t\t<\/div>\n\t\t<\/div>\n\t\t\t\t\t<\/div>\n\t\t<\/section>\n\t\t\t\t<section class=\"elementor-section elementor-top-section elementor-element elementor-element-afb89b2 elementor-section-boxed elementor-section-height-default elementor-section-height-default\" data-id=\"afb89b2\" data-element_type=\"section\">\n\t\t\t\t\t\t<div class=\"elementor-container elementor-column-gap-no\">\n\t\t\t\t\t<div class=\"elementor-column elementor-col-50 elementor-top-column elementor-element elementor-element-f158641\" data-id=\"f158641\" data-element_type=\"column\">\n\t\t\t<div class=\"elementor-widget-wrap elementor-element-populated\">\n\t\t\t\t\t\t<div class=\"elementor-element elementor-element-1eb30ea elementor-widget elementor-widget-heading\" data-id=\"1eb30ea\" data-element_type=\"widget\" data-widget_type=\"heading.default\">\n\t\t\t\t<div class=\"elementor-widget-container\">\n\t\t\t\t\t<h3 class=\"elementor-heading-title elementor-size-default\">Zadzwo\u0144 i um\u00f3w psa na wizyt\u0119 <\/h3>\t\t\t\t<\/div>\n\t\t\t\t<\/div>\n\t\t\t\t<div class=\"elementor-element elementor-element-1776b80 elementor-widget elementor-widget-heading\" data-id=\"1776b80\" data-element_type=\"widget\" data-widget_type=\"heading.default\">\n\t\t\t\t<div class=\"elementor-widget-container\">\n\t\t\t\t\t<h2 class=\"elementor-heading-title elementor-size-default\"><a href=\"tel:+48508237842\">+48 508 237 842<\/a><\/h2>\t\t\t\t<\/div>\n\t\t\t\t<\/div>\n\t\t\t\t<div class=\"elementor-element elementor-element-6efed6b elementor-widget elementor-widget-heading\" data-id=\"6efed6b\" data-element_type=\"widget\" data-widget_type=\"heading.default\">\n\t\t\t\t<div class=\"elementor-widget-container\">\n\t\t\t\t\t<h2 class=\"elementor-heading-title elementor-size-default\"><a href=\"tel:+48508237842\">lub napisz do nas!<\/a><\/h2>\t\t\t\t<\/div>\n\t\t\t\t<\/div>\n\t\t\t\t<div class=\"elementor-element elementor-element-7c38aa9 elementor-shape-rounded elementor-grid-0 e-grid-align-center elementor-widget elementor-widget-social-icons\" data-id=\"7c38aa9\" data-element_type=\"widget\" data-widget_type=\"social-icons.default\">\n\t\t\t\t<div class=\"elementor-widget-container\">\n\t\t\t\t\t\t\t<div class=\"elementor-social-icons-wrapper elementor-grid\" role=\"list\">\n\t\t\t\t\t\t\t<span class=\"elementor-grid-item\" role=\"listitem\">\n\t\t\t\t\t<a class=\"elementor-icon elementor-social-icon elementor-social-icon-facebook elementor-repeater-item-848bfcc\" href=\"https:\/\/www.facebook.com\/groomer.psistan.poznan\/\" target=\"_blank\">\n\t\t\t\t\t\t<span class=\"elementor-screen-only\">Facebook<\/span>\n\t\t\t\t\t\t<i aria-hidden=\"true\" class=\"fab fa-facebook\"><\/i>\t\t\t\t\t<\/a>\n\t\t\t\t<\/span>\n\t\t\t\t\t\t\t<span class=\"elementor-grid-item\" role=\"listitem\">\n\t\t\t\t\t<a class=\"elementor-icon elementor-social-icon elementor-social-icon-instagram elementor-repeater-item-c2aeff9\" href=\"https:\/\/www.instagram.com\/groomer.psistan_poznan?igsh=M2trdmpvbmFxY3Nt&#038;utm_source=qr\" target=\"_blank\">\n\t\t\t\t\t\t<span class=\"elementor-screen-only\">Instagram<\/span>\n\t\t\t\t\t\t<i aria-hidden=\"true\" class=\"fab fa-instagram\"><\/i>\t\t\t\t\t<\/a>\n\t\t\t\t<\/span>\n\t\t\t\t\t<\/div>\n\t\t\t\t\t\t<\/div>\n\t\t\t\t<\/div>\n\t\t\t\t<div class=\"elementor-element elementor-element-b85d227 elementor-widget elementor-widget-text-editor\" data-id=\"b85d227\" data-element_type=\"widget\" data-widget_type=\"text-editor.default\">\n\t\t\t\t<div class=\"elementor-widget-container\">\n\t\t\t\t\t\t\t\t\t<p><em>PS Je\u015bli nie odbieramy to po\u015bwi\u0119camy ca\u0142\u0105 swoj\u0105 uwag\u0119 na obecnym psim kliencie. Prosimy &#8211; zostaw wtedy wiadomo\u015b\u0107 lub napisz na Instagramie albo Facebooku. Dzi\u0119kujemy!<\/em><\/p>\t\t\t\t\t\t\t\t<\/div>\n\t\t\t\t<\/div>\n\t\t\t\t\t<\/div>\n\t\t<\/div>\n\t\t\t\t<div class=\"elementor-column elementor-col-50 elementor-top-column elementor-element elementor-element-67e4e6e\" data-id=\"67e4e6e\" data-element_type=\"column\">\n\t\t\t<div class=\"elementor-widget-wrap elementor-element-populated\">\n\t\t\t\t\t\t<div class=\"elementor-element elementor-element-76e80dd elementor-widget elementor-widget-heading\" data-id=\"76e80dd\" data-element_type=\"widget\" data-widget_type=\"heading.default\">\n\t\t\t\t<div class=\"elementor-widget-container\">\n\t\t\t\t\t<h3 class=\"elementor-heading-title elementor-size-default\">Adres<\/h3>\t\t\t\t<\/div>\n\t\t\t\t<\/div>\n\t\t\t\t<div class=\"elementor-element elementor-element-59e24f4 elementor-widget elementor-widget-heading\" data-id=\"59e24f4\" data-element_type=\"widget\" data-widget_type=\"heading.default\">\n\t\t\t\t<div class=\"elementor-widget-container\">\n\t\t\t\t\t<h2 class=\"elementor-heading-title elementor-size-default\"><a href=\"#\">os. Polan 44, \n61-253 Pozna\u0144<\/a><\/h2>\t\t\t\t<\/div>\n\t\t\t\t<\/div>\n\t\t\t\t\t<\/div>\n\t\t<\/div>\n\t\t\t\t\t<\/div>\n\t\t<\/section>\n\t\t\t\t<section class=\"elementor-section elementor-top-section elementor-element elementor-element-2f12deb elementor-section-full_width elementor-section-height-default elementor-section-height-default\" data-id=\"2f12deb\" data-element_type=\"section\">\n\t\t\t\t\t\t<div class=\"elementor-container elementor-column-gap-default\">\n\t\t\t\t\t<div class=\"elementor-column elementor-col-100 elementor-top-column elementor-element elementor-element-7ef347c\" data-id=\"7ef347c\" data-element_type=\"column\">\n\t\t\t<div class=\"elementor-widget-wrap elementor-element-populated\">\n\t\t\t\t\t\t<div class=\"elementor-element elementor-element-e214776 elementor-widget elementor-widget-google_maps\" data-id=\"e214776\" data-element_type=\"widget\" data-widget_type=\"google_maps.default\">\n\t\t\t\t<div class=\"elementor-widget-container\">\n\t\t\t\t\t\t\t<div class=\"elementor-custom-embed\">\n\t\t\t<iframe loading=\"lazy\"\n\t\t\t\t\tsrc=\"https:\/\/maps.google.com\/maps?q=os.%20Polan%2044%2C%20%2061-253%20Pozna%C5%84%E2%80%8B&#038;t=m&#038;z=15&#038;output=embed&#038;iwloc=near\"\n\t\t\t\t\ttitle=\"os. Polan 44,  61-253 Pozna\u0144\u200b\"\n\t\t\t\t\taria-label=\"os. Polan 44,  61-253 Pozna\u0144\u200b\"\n\t\t\t><\/iframe>\n\t\t<\/div>\n\t\t\t\t\t\t<\/div>\n\t\t\t\t<\/div>\n\t\t\t\t\t<\/div>\n\t\t<\/div>\n\t\t\t\t\t<\/div>\n\t\t<\/section>\n\t\t\t\t<section class=\"elementor-section elementor-top-section elementor-element elementor-element-0469f76 elementor-section-boxed elementor-section-height-default elementor-section-height-default\" data-id=\"0469f76\" data-element_type=\"section\">\n\t\t\t\t\t\t<div class=\"elementor-container elementor-column-gap-wider\">\n\t\t\t\t\t<div class=\"elementor-column elementor-col-100 elementor-top-column elementor-element elementor-element-b79da20\" data-id=\"b79da20\" data-element_type=\"column\">\n\t\t\t<div class=\"elementor-widget-wrap elementor-element-populated\">\n\t\t\t\t\t\t<div class=\"elementor-element elementor-element-b6e57b7 elementor-widget elementor-widget-heading\" data-id=\"b6e57b7\" data-element_type=\"widget\" data-widget_type=\"heading.default\">\n\t\t\t\t<div class=\"elementor-widget-container\">\n\t\t\t\t\t<h1 class=\"elementor-heading-title elementor-size-default\">Regulamin<\/h1>\t\t\t\t<\/div>\n\t\t\t\t<\/div>\n\t\t\t\t<div class=\"elementor-element elementor-element-ab7e7b2 elementor-widget elementor-widget-text-editor\" data-id=\"ab7e7b2\" data-element_type=\"widget\" data-widget_type=\"text-editor.default\">\n\t\t\t\t<div class=\"elementor-widget-container\">\n\t\t\t\t\t\t\t\t\t<ol><li>Na wizyt\u0119 umawiamy si\u0119 telefonicznie pod nr tel. 508 237 842, przez Instagram, Facebook Messenger lub osobi\u015bcie w salonie Psista\u0144 na os. Polan 44 w Poznaniu.<\/li><li>W przypadku rezygnacji nale\u017cy poinformowa\u0107 salon najp\u00f3\u017aniej 24 godziny przed wizyt\u0105. Je\u015bli klient\/klientka nie pojawi si\u0119 na wizycie bez odwo\u0142ania, salon mo\u017ce doliczy\u0107 cen\u0119 zaleg\u0142ej wizyty do kolejnej.<\/li><li>Ka\u017cdy pies powinien posiada\u0107 ksi\u0105\u017ceczk\u0119 zdrowia i aktualne szczepienia. Psy bez aktualnego szczepienia przeciwko w\u015bciekli\u017anie nie s\u0105 przyjmowane. Szczeniaki musz\u0105 by\u0107 po obowi\u0105zkowych szczepieniach dostosowanych do ich wieku.<\/li><li>Przed us\u0142ug\u0105 przeprowadzany jest wywiad, w kt\u00f3rym trzeba przekaza\u0107 wszystkie informacje takie jak np. imi\u0119 psa, rasa, wiek, weterynarz, choroby, alergie, problemy behawioralne, zachowanie u groomera, traumy, stosunek do ludzi i ps\u00f3w, u\u017cywane akcesoria, narz\u0119dzia do piel\u0119gnacji, szampony. Wszystkie wa\u017cne informacje o zwierzaku. W przypadku zatajenia informacji groomer mo\u017ce odm\u00f3wi\u0107 wykonania us\u0142ugi, przerwa\u0107 j\u0105 lub zabra\u0107 psa do lekarza weterynarii w przypadku wyst\u0105pienia niepokoj\u0105cych objaw\u00f3w. W przypadku braku informacji lub zatajenia salon nie ponosi odpowiedzialno\u015bci za ewentualny stan psa. W przypadku zatajenia informacji salon pobiera op\u0142at\u0119 za us\u0142ug\u0119.<\/li><li>Je\u017celi b\u0119dzie to pierwsza wizyta w \u017cyciu psa u groomera prosimy o informacj\u0119. Istnieje mo\u017cliwo\u015b\u0107 um\u00f3wienia wizyty adaptacyjnej (opisana w zak\u0142adce cennik i w mediach spo\u0142eczno\u015bciowych).<\/li><li>Je\u017celi pies cierpi na r\u00f3\u017cnego rodzaju choroby np. neurologiczne, psychiczne, uk\u0142adu ruchu, kardiologiczne, alergie, problemy behawioralne to trzeba poinformowa\u0107 o tym groomera przed us\u0142ug\u0105. W przypadku braku informacji lub zatajenia salon nie ponosi odpowiedzialno\u015bci za ewentualny stan psa. Je\u015bli podczas wizyty wyjdzie na jaw dowolna informacja chorobowa, kt\u00f3ra nie zosta\u0142a zg\u0142oszona, groomer mo\u017ce od razu zadzwoni\u0107 do lekarza weterynarii (w\u0142asnego, najbli\u017cszego otwartego lub danego psa), aby udzieli\u0107 mu pomocy.<\/li><li>W przypadku ko\u0142tun\u00f3w i filcu pies zostaje ostrzy\u017cony na kr\u00f3tko, aby go nie m\u0119czy\u0107. W\u0142a\u015bciciel zostaje o tym poinformowany. W\u0142a\u015bciciel nie b\u0119dzie obwinia\u0142 groomera za stan psa. Fryzura w przypadkach zaniedba\u0144 nie podlega negocjacjom. Nale\u017cy pami\u0119ta\u0107, \u017ce pod ko\u0142tunami i filcem mog\u0105 wyst\u0119powa\u0107 odparzenia, owady, \u015blimaki, k\u0142osy, uszkodzenia sk\u00f3ry, krwiaki wynikaj\u0105ce z d\u0142ugotrwa\u0142ego braku piel\u0119gnacji. W przypadku powa\u017cnego stanu groomer mo\u017ce zabra\u0107 psa do weterynarza lub skierowa\u0107 tam w\u0142a\u015bciciela po odbiorze. Groomer udziela instrukcji jak piel\u0119gnowa\u0107 psa i nie ponowi\u0107 takiego stanu. Groomer nie odpowiada za stan psa, w jakim przyprowadzi\u0142 go w\u0142a\u015bciciel. Do ceny us\u0142ugi doliczana jest dodatkowa op\u0142ata zgodnie z cennikiem. W skrajnych przypadkach sytuacja mo\u017ce zosta\u0107 zg\u0142oszona do TOZ.<\/li><li>Je\u017celi pies mo\u017ce by\u0107 agresywny lub wizyty u groomera kojarz\u0105 mu si\u0119 \u017ale prosimy o informacj\u0119. W przypadku psa agresywnego zastrzegamy sobie prawo do odmowy wykonania us\u0142ug lub przerwania jej wykonania. Nie ponosimy za to koszt\u00f3w. Salon pobiera op\u0142at\u0119 za us\u0142ug\u0119.<\/li><li>Je\u017celi suczka ma cieczk\u0119 lub nied\u0142ugo ma j\u0105 dosta\u0107 prosimy o informacj\u0119. W przypadku braku informacji o cieczce groomer mo\u017ce odm\u00f3wi\u0107 wykonania us\u0142ugi pobieraj\u0105c op\u0142at\u0119. Prosz\u0119 mie\u0107 na uwadze, \u017ce samce, kt\u00f3re przyjd\u0105 na piel\u0119gnacj\u0119 po suce z cieczk\u0105, nie b\u0119d\u0105 w stanie wsp\u00f3\u0142pracowa\u0107 oraz wp\u0142ynie to na ich komfort psychiczny i bezpiecze\u0144stwo.<\/li><li>Prosimy nie karmi\u0107 psa bezpo\u015brednio przed wizyt\u0105.<\/li><li>Mo\u017cna przynie\u015b\u0107 swoje smaczki. Groomer nie podaje smaczk\u00f3w bez ustalenia psom alergikom. Pami\u0119taj o poinformowaniu o ewentualnych alergiach. W salonie nie ma smaczk\u00f3w z kurczakiem.<\/li><li>Prosimy zapewni\u0107 psu chocia\u017c kr\u00f3tki spacer przed wizyt\u0105, aby za\u0142atwi\u0142 pierwsze potrzeby.<\/li><li>Nie podajemy psu jakichkolwiek \u015brodk\u00f3w uspokajaj\u0105cych. Nie mo\u017cna te\u017c podawa\u0107 ich na w\u0142asn\u0105 r\u0119k\u0119 przed wizyt\u0105.<\/li><li>Psy pozostaj\u0105 w salonie bez w\u0142a\u015bciciela. Wyj\u0105tkiem s\u0105 psy agresywne lub inne indywidualne przypadki, kt\u00f3re zostaj\u0105 szczeg\u00f3\u0142owo omawiane przed wizyt\u0105.<\/li><li>Po wizycie pies zostaje wydany wy\u0142\u0105cznie osobie, kt\u00f3ra przyprowadzi\u0142a go do salonu lub przez ni\u0105 wskazanej.<\/li><li>Korzystaj\u0105c z us\u0142ug salonu wyra\u017caj\u0105 Pa\u0144stwo zgod\u0119 na u\u017cywanie wizerunku pupila w celach reklamowych.<\/li><li>Salon jest monitorowany. Nagrywany jest obraz i d\u017awi\u0119k. Ka\u017cda wizyta jest nagrywana.<\/li><li>Zap\u0142ata za us\u0142ug\u0119 r\u00f3wna si\u0119 z akceptacj\u0105 wykonanej fryzury. Po wyj\u015bciu nie ma mo\u017cliwo\u015bci bezp\u0142atnych poprawek i reklamacji. Po wykonanej us\u0142udze nale\u017cy na miejscu obejrze\u0107 psa czy fryzura si\u0119 podoba. Fryzura i piel\u0119gnacja zawsze s\u0105 ustalane przed wizyt\u0105.<\/li><li>Nie ma mo\u017cliwo\u015bci p\u0142atno\u015bci przelewem lub inn\u0105 form\u0105 odroczon\u0105 w czasie. Zap\u0142ata odbywa si\u0119 na miejscu w salonie po wykonanej us\u0142udze.<\/li><li>Pies powinien by\u0107 odebrany od razu po wykonanej us\u0142udze. Groomer umawia si\u0119 z klientem\/klientk\u0105 na odbi\u00f3r o konkretnej godzinie lub na SMS\/wiadomo\u015b\u0107 na mediach spo\u0142eczno\u015bciowych\/telefon odpowiednio wcze\u015bniej przed odbiorem. Je\u015bli pies nie zostaje odebrany p\u00f3\u0142 godziny lub wi\u0119cej po ustalonej godzinie salon ma mo\u017cliwo\u015b\u0107 naliczenia us\u0142ugi hotelowej (50 z\u0142 za ka\u017cde rozpocz\u0119te p\u00f3\u0142 godziny). Je\u015bli odbi\u00f3r psa op\u00f3\u017ani si\u0119 z konkretnego powodu prosimy o wcze\u015bniejsz\u0105 informacj\u0119.<\/li><li>Cennik us\u0142ug groomerskich opiera si\u0119 na standardach wielko\u015bci i wagi dla poszczeg\u00f3lnych ras. W sytuacji, gdy gabaryty powierzonego zwierz\u0119cia wykraczaj\u0105 poza przyj\u0119ty wzorzec rasy, Wykonawca zastrzega sobie prawo do proporcjonalnego podwy\u017cszenia ceny us\u0142ugi<\/li><li>Symbol &#8222;+&#8221; przy cenie oznacza mo\u017cliwo\u015b\u0107 jej wzrostu w przypadku: \u2022 psa wi\u0119kszego ni\u017c standard rasy, \u2022 agresywnego zachowania, \u2022 zaniedbanej okrywy (np. ko\u0142tun\u00f3w).<\/li><li>Strona internetowa, na kt\u00f3rej si\u0119 Pa\u0144stwo znajduj\u0105 u\u017cywa plik\u00f3w cookies w celu \u015bwiadczenia najwy\u017cszej jako\u015bci us\u0142ug.<\/li><\/ol><p>Pozostawiaj\u0105c psa na zabiegi piel\u0119gnacyjne w salonie Klient\/Klientka akceptuje i wyra\u017ca zgod\u0119 na wszystkie warunki wynikaj\u0105ce z niniejszego regulaminu us\u0142ug \u015bwiadczonych przez salon.<\/p>\t\t\t\t\t\t\t\t<\/div>\n\t\t\t\t<\/div>\n\t\t\t\t\t<\/div>\n\t\t<\/div>\n\t\t\t\t\t<\/div>\n\t\t<\/section>\n\t\t\t\t<\/div>\n\t\t","protected":false},"excerpt":{"rendered":"<p>Kontakt Zadzwo\u0144 i um\u00f3w psa na wizyt\u0119 +48 508 237 842 lub napisz do nas! Facebook Instagram PS Je\u015bli nie odbieramy to po\u015bwi\u0119camy ca\u0142\u0105 swoj\u0105 uwag\u0119 na obecnym psim kliencie. Prosimy &#8211; zostaw wtedy wiadomo\u015b\u0107 lub napisz na Instagramie albo Facebooku. Dzi\u0119kujemy! Adres os. Polan 44, 61-253 Pozna\u0144 Regulamin Na wizyt\u0119 umawiamy si\u0119 telefonicznie pod [&hellip;]<\/p>\n","protected":false},"author":1,"featured_media":0,"parent":0,"menu_order":0,"comment_status":"closed","ping_status":"closed","template":"","meta":{"site-sidebar-layout":"no-sidebar","site-content-layout":"page-builder","ast-site-content-layout":"default","site-content-style":"default","site-sidebar-style":"default","ast-global-header-display":"","ast-banner-title-visibility":"","ast-main-header-display":"","ast-hfb-above-header-display":"","ast-hfb-below-header-display":"","ast-hfb-mobile-header-display":"","site-post-title":"","ast-breadcrumbs-content":"","ast-featured-img":"disabled","footer-sml-layout":"","ast-disable-related-posts":"","theme-transparent-header-meta":"default","adv-header-id-meta":"","stick-header-meta":"","header-above-stick-meta":"","header-main-stick-meta":"","header-below-stick-meta":"","astra-migrate-meta-layouts":"default","ast-page-background-enabled":"default","ast-page-background-meta":{"desktop":{"background-color":"","background-image":"","background-repeat":"repeat","background-position":"center center","background-size":"auto","background-attachment":"scroll","background-type":"","background-media":"","overlay-type":"","overlay-color":"","overlay-opacity":"","overlay-gradient":""},"tablet":{"background-color":"","background-image":"","background-repeat":"repeat","background-position":"center center","background-size":"auto","background-attachment":"scroll","background-type":"","background-media":"","overlay-type":"","overlay-color":"","overlay-opacity":"","overlay-gradient":""},"mobile":{"background-color":"","background-image":"","background-repeat":"repeat","background-position":"center center","background-size":"auto","background-attachment":"scroll","background-type":"","background-media":"","overlay-type":"","overlay-color":"","overlay-opacity":"","overlay-gradient":""}},"ast-content-background-meta":{"desktop":{"background-color":"var(--ast-global-color-5)","background-image":"","background-repeat":"repeat","background-position":"center center","background-size":"auto","background-attachment":"scroll","background-type":"","background-media":"","overlay-type":"","overlay-color":"","overlay-opacity":"","overlay-gradient":""},"tablet":{"background-color":"var(--ast-global-color-5)","background-image":"","background-repeat":"repeat","background-position":"center center","background-size":"auto","background-attachment":"scroll","background-type":"","background-media":"","overlay-type":"","overlay-color":"","overlay-opacity":"","overlay-gradient":""},"mobile":{"background-color":"var(--ast-global-color-5)","background-image":"","background-repeat":"repeat","background-position":"center center","background-size":"auto","background-attachment":"scroll","background-type":"","background-media":"","overlay-type":"","overlay-color":"","overlay-opacity":"","overlay-gradient":""}},"footnotes":""},"class_list":["post-271","page","type-page","status-publish","hentry"],"_links":{"self":[{"href":"https:\/\/groomer-psistan.pl\/index.php?rest_route=\/wp\/v2\/pages\/271","targetHints":{"allow":["GET"]}}],"collection":[{"href":"https:\/\/groomer-psistan.pl\/index.php?rest_route=\/wp\/v2\/pages"}],"about":[{"href":"https:\/\/groomer-psistan.pl\/index.php?rest_route=\/wp\/v2\/types\/page"}],"author":[{"embeddable":true,"href":"https:\/\/groomer-psistan.pl\/index.php?rest_route=\/wp\/v2\/users\/1"}],"replies":[{"embeddable":true,"href":"https:\/\/groomer-psistan.pl\/index.php?rest_route=%2Fwp%2Fv2%2Fcomments&post=271"}],"version-history":[{"count":35,"href":"https:\/\/groomer-psistan.pl\/index.php?rest_route=\/wp\/v2\/pages\/271\/revisions"}],"predecessor-version":[{"id":830,"href":"https:\/\/groomer-psistan.pl\/index.php?rest_route=\/wp\/v2\/pages\/271\/revisions\/830"}],"wp:attachment":[{"href":"https:\/\/groomer-psistan.pl\/index.php?rest_route=%2Fwp%2Fv2%2Fmedia&parent=271"}],"curies":[{"name":"wp","href":"https:\/\/api.w.org\/{rel}","templated":true}]}}